{"id":345,"date":"2020-03-22T19:11:45","date_gmt":"2020-03-22T18:11:45","guid":{"rendered":"http:\/\/xn--die-schwrmerei-dib.at\/?post_type=product&#038;p=345"},"modified":"2020-11-29T22:06:46","modified_gmt":"2020-11-29T21:06:46","slug":"wald-und-bluetenhonig-kopie","status":"publish","type":"product","link":"https:\/\/xn--die-schwrmerei-dib.at\/?product=wald-und-bluetenhonig-kopie","title":{"rendered":"Bl\u00fctenhonig"},"content":{"rendered":"<p>S\u00fc\u00dfer vollmundiger Bl\u00fctenhonig der im Fr\u00fchjar und Sommer geerntet wird. Bl\u00fctenhonig kristalisiert schneller aus als Honige mit Waldhoniganteil, bei 40\u00b0C im Wasserbad kann dieser Honig wieder schonend verfl\u00fcssigt werden ohne seine guten Eigenschaften zu verlieren. Verf\u00fcgbar im 250 g oder 500 g Glas.<\/p>\n","protected":false},"excerpt":{"rendered":"<p>Bl\u00fctenhonig<\/p>\n","protected":false},"featured_media":751,"template":"","meta":{"spay_email":""},"yoast_head":"<!-- This site is optimized with the Yoast SEO plugin v15.4 - https:\/\/yoast.com\/wordpress\/plugins\/seo\/ -->\n<title>Bl\u00fctenhonig - Die\u00a0Schw\u00e4rmerei<\/title>\n<meta name=\"robots\" content=\"index, follow, max-snippet:-1, max-image-preview:large, max-video-preview:-1\" \/>\n<link rel=\"canonical\" href=\"https:\/\/xn--die-schwrmerei-dib.at\/?product=wald-und-bluetenhonig-kopie\" \/>\n<meta property=\"og:locale\" content=\"de_DE\" \/>\n<meta property=\"og:type\" content=\"article\" \/>\n<meta property=\"og:title\" content=\"Bl\u00fctenhonig - Die\u00a0Schw\u00e4rmerei\" \/>\n<meta property=\"og:description\" content=\"Bl\u00fctenhonig\" \/>\n<meta property=\"og:url\" content=\"https:\/\/xn--die-schwrmerei-dib.at\/?product=wald-und-bluetenhonig-kopie\" \/>\n<meta property=\"og:site_name\" content=\"Die\u00a0Schw\u00e4rmerei\" \/>\n<meta property=\"article:modified_time\" content=\"2020-11-29T21:06:46+00:00\" \/>\n<meta property=\"og:image\" content=\"https:\/\/xn--die-schwrmerei-dib.at\/wp-content\/uploads\/2020\/11\/bio-schwa\u0308rmerei-14-scaled.jpg\" \/>\n\t<meta property=\"og:image:width\" content=\"2560\" \/>\n\t<meta property=\"og:image:height\" content=\"1707\" \/>\n<meta name=\"twitter:card\" content=\"summary_large_image\" \/>\n<meta name=\"twitter:label1\" content=\"Verfasst von\">\n\t<meta name=\"twitter:data1\" content=\"weitenth\">\n\t<meta name=\"twitter:label2\" content=\"Gesch\u00e4tzte Lesezeit\">\n\t<meta name=\"twitter:data2\" content=\"0\u00a0Minuten\">\n<script type=\"application\/ld+json\" class=\"yoast-schema-graph\">{\"@context\":\"https:\/\/schema.org\",\"@graph\":[{\"@type\":[\"Person\",\"Organization\"],\"@id\":\"https:\/\/xn--die-schwrmerei-dib.at\/#\/schema\/person\/e475b6e34fa23bf3a969c079624dda9d\",\"name\":\"weitenth\",\"image\":{\"@type\":\"ImageObject\",\"@id\":\"https:\/\/xn--die-schwrmerei-dib.at\/#personlogo\",\"inLanguage\":\"de\",\"url\":\"https:\/\/secure.gravatar.com\/avatar\/c1fec868dd6f28898e61508c10ddebb6?s=96&d=mm&r=g\",\"caption\":\"weitenth\"},\"logo\":{\"@id\":\"https:\/\/xn--die-schwrmerei-dib.at\/#personlogo\"}},{\"@type\":\"WebSite\",\"@id\":\"https:\/\/xn--die-schwrmerei-dib.at\/#website\",\"url\":\"https:\/\/xn--die-schwrmerei-dib.at\/\",\"name\":\"die-schw\\u00e4rmerei\",\"description\":\"BIO-Honig aus \\u00d6sterreich\",\"publisher\":{\"@id\":\"https:\/\/xn--die-schwrmerei-dib.at\/#\/schema\/person\/e475b6e34fa23bf3a969c079624dda9d\"},\"potentialAction\":[{\"@type\":\"SearchAction\",\"target\":\"https:\/\/xn--die-schwrmerei-dib.at\/?s={search_term_string}\",\"query-input\":\"required name=search_term_string\"}],\"inLanguage\":\"de\"},{\"@type\":\"ImageObject\",\"@id\":\"https:\/\/xn--die-schwrmerei-dib.at\/?product=wald-und-bluetenhonig-kopie#primaryimage\",\"inLanguage\":\"de\",\"url\":\"https:\/\/xn--die-schwrmerei-dib.at\/wp-content\/uploads\/2020\/11\/bio-schwa\\u0308rmerei-14-scaled.jpg\",\"width\":2560,\"height\":1707},{\"@type\":\"WebPage\",\"@id\":\"https:\/\/xn--die-schwrmerei-dib.at\/?product=wald-und-bluetenhonig-kopie#webpage\",\"url\":\"https:\/\/xn--die-schwrmerei-dib.at\/?product=wald-und-bluetenhonig-kopie\",\"name\":\"Bl\\u00fctenhonig - Die\\u00a0Schw\\u00e4rmerei\",\"isPartOf\":{\"@id\":\"https:\/\/xn--die-schwrmerei-dib.at\/#website\"},\"primaryImageOfPage\":{\"@id\":\"https:\/\/xn--die-schwrmerei-dib.at\/?product=wald-und-bluetenhonig-kopie#primaryimage\"},\"datePublished\":\"2020-03-22T18:11:45+00:00\",\"dateModified\":\"2020-11-29T21:06:46+00:00\",\"inLanguage\":\"de\",\"potentialAction\":[{\"@type\":\"ReadAction\",\"target\":[\"https:\/\/xn--die-schwrmerei-dib.at\/?product=wald-und-bluetenhonig-kopie\"]}]}]}<\/script>\n<!-- \/ Yoast SEO plugin. -->","_links":{"self":[{"href":"https:\/\/xn--die-schwrmerei-dib.at\/index.php?rest_route=\/wp\/v2\/product\/345"}],"collection":[{"href":"https:\/\/xn--die-schwrmerei-dib.at\/index.php?rest_route=\/wp\/v2\/product"}],"about":[{"href":"https:\/\/xn--die-schwrmerei-dib.at\/index.php?rest_route=\/wp\/v2\/types\/product"}],"wp:featuredmedia":[{"embeddable":true,"href":"https:\/\/xn--die-schwrmerei-dib.at\/index.php?rest_route=\/wp\/v2\/media\/751"}],"wp:attachment":[{"href":"https:\/\/xn--die-schwrmerei-dib.at\/index.php?rest_route=%2Fwp%2Fv2%2Fmedia&parent=345"}],"curies":[{"name":"wp","href":"https:\/\/api.w.org\/{rel}","templated":true}]}}