{"id":766,"date":"2020-11-29T22:35:59","date_gmt":"2020-11-29T21:35:59","guid":{"rendered":"http:\/\/xn--die-schwrmerei-dib.at\/?page_id=766"},"modified":"2020-11-29T22:40:10","modified_gmt":"2020-11-29T21:40:10","slug":"ueber-meine-bienen","status":"publish","type":"page","link":"https:\/\/xn--die-schwrmerei-dib.at\/?page_id=766","title":{"rendered":"\u00dcBER MEINE BIENEN"},"content":{"rendered":"\t\t<div data-elementor-type=\"wp-page\" data-elementor-id=\"766\" class=\"elementor elementor-766\" data-elementor-settings=\"[]\">\n\t\t\t\t\t\t<div class=\"elementor-inner\">\n\t\t\t\t\t\t\t<div class=\"elementor-section-wrap\">\n\t\t\t\t\t\t\t<section class=\"elementor-section elementor-top-section elementor-element elementor-element-d8b25f4 elementor-section-boxed elementor-section-height-default elementor-section-height-default\" data-id=\"d8b25f4\" data-element_type=\"section\">\n\t\t\t\t\t\t<div class=\"elementor-container elementor-column-gap-default\">\n\t\t\t\t\t\t\t<div class=\"elementor-row\">\n\t\t\t\t\t<div class=\"elementor-column elementor-col-100 elementor-top-column elementor-element elementor-element-59c8245\" data-id=\"59c8245\" data-element_type=\"column\">\n\t\t\t<div class=\"elementor-column-wrap elementor-element-populated\">\n\t\t\t\t\t\t\t<div class=\"elementor-widget-wrap\">\n\t\t\t\t\t\t<section class=\"elementor-section elementor-inner-section elementor-element elementor-element-cd9d942 elementor-section-boxed elementor-section-height-default elementor-section-height-default\" data-id=\"cd9d942\" data-element_type=\"section\">\n\t\t\t\t\t\t<div class=\"elementor-container elementor-column-gap-default\">\n\t\t\t\t\t\t\t<div class=\"elementor-row\">\n\t\t\t\t\t<div class=\"elementor-column elementor-col-50 elementor-inner-column elementor-element elementor-element-a00432c\" data-id=\"a00432c\" data-element_type=\"column\">\n\t\t\t<div class=\"elementor-column-wrap elementor-element-populated\">\n\t\t\t\t\t\t\t<div class=\"elementor-widget-wrap\">\n\t\t\t\t\t\t<div class=\"elementor-element elementor-element-8daa6d0 elementor-widget elementor-widget-image\" data-id=\"8daa6d0\" data-element_type=\"widget\" data-widget_type=\"image.default\">\n\t\t\t\t<div class=\"elementor-widget-container\">\n\t\t\t\t\t<div class=\"elementor-image\">\n\t\t\t\t\t\t\t\t\t\t<img width=\"1000\" height=\"630\" src=\"https:\/\/xn--die-schwrmerei-dib.at\/wp-content\/uploads\/2020\/11\/dieschwaermerei-276-1024x645.jpg\" class=\"attachment-large size-large\" alt=\"\" loading=\"lazy\" srcset=\"https:\/\/xn--die-schwrmerei-dib.at\/wp-content\/uploads\/2020\/11\/dieschwaermerei-276-1024x645.jpg 1024w, https:\/\/xn--die-schwrmerei-dib.at\/wp-content\/uploads\/2020\/11\/dieschwaermerei-276-300x189.jpg 300w, https:\/\/xn--die-schwrmerei-dib.at\/wp-content\/uploads\/2020\/11\/dieschwaermerei-276-768x484.jpg 768w, https:\/\/xn--die-schwrmerei-dib.at\/wp-content\/uploads\/2020\/11\/dieschwaermerei-276-600x378.jpg 600w, https:\/\/xn--die-schwrmerei-dib.at\/wp-content\/uploads\/2020\/11\/dieschwaermerei-276.jpg 1456w\" sizes=\"(max-width: 1000px) 100vw, 1000px\" \/>\t\t\t\t\t\t\t\t\t\t\t<\/div>\n\t\t\t\t<\/div>\n\t\t\t\t<\/div>\n\t\t\t\t\t\t<\/div>\n\t\t\t\t\t<\/div>\n\t\t<\/div>\n\t\t\t\t<div class=\"elementor-column elementor-col-50 elementor-inner-column elementor-element elementor-element-7a6f54e\" data-id=\"7a6f54e\" data-element_type=\"column\">\n\t\t\t<div class=\"elementor-column-wrap elementor-element-populated\">\n\t\t\t\t\t\t\t<div class=\"elementor-widget-wrap\">\n\t\t\t\t\t\t<div class=\"elementor-element elementor-element-73680c5 elementor-widget elementor-widget-text-editor\" data-id=\"73680c5\" data-element_type=\"widget\" data-widget_type=\"text-editor.default\">\n\t\t\t\t<div class=\"elementor-widget-container\">\n\t\t\t\t\t<div class=\"elementor-text-editor elementor-clearfix\"><p><span style=\"font-family: 'Cormorant Garamond'; color: black; letter-spacing: .25pt;\">In meinem Betrieb arbeiten ungef\u00e4hr 60.000 Mitarbeiterinnen pro Volk, die Tag f\u00fcr Tag ihr Bestes f\u00fcr deinen Honig geben. Vom Tag ihrer Geburt bis zu ihrem Tod, ungef\u00e4hr 6 Wochen sp\u00e4ter, legen sie 8.000 km zur\u00fcck. Um ein Glas Honig zu f\u00fcllen legen sie eine Strecke zur\u00fcck die 3,5 Mal um die <\/span><span style=\"font-family: 'Cormorant Garamond'; color: black; letter-spacing: .25pt;\"><span style=\"font-family: 'Cormorant Garamond'; color: black; letter-spacing: .25pt;\">Welt geht<\/span>.<br \/><\/span><\/p><p style=\"text-align: justify;\"><span style=\"font-family: 'Cormorant Garamond'; color: black; letter-spacing: .25pt;\">In dieser kurzen und arbeitsreichen Zeit m\u00f6chte ich meinen Bienen nur das Beste vom Besten bieten und habe mich deshalb dazu entschieden, unter strengsten Bedienungen, als BIO-Imker zu arbeiten, wo jedes Honigprodukt bio-zertifiziert und zu 100% nachhaltig hergestellt wird. <\/span><\/p><\/div>\n\t\t\t\t<\/div>\n\t\t\t\t<\/div>\n\t\t\t\t\t\t<\/div>\n\t\t\t\t\t<\/div>\n\t\t<\/div>\n\t\t\t\t\t\t\t\t<\/div>\n\t\t\t\t\t<\/div>\n\t\t<\/section>\n\t\t\t\t\t\t<\/div>\n\t\t\t\t\t<\/div>\n\t\t<\/div>\n\t\t\t\t\t\t\t\t<\/div>\n\t\t\t\t\t<\/div>\n\t\t<\/section>\n\t\t\t\t\t\t<\/div>\n\t\t\t\t\t\t<\/div>\n\t\t\t\t\t<\/div>\n\t\t","protected":false},"excerpt":{"rendered":"<p>In meinem Betrieb arbeiten ungef\u00e4hr 60.000 Mitarbeiterinnen pro Volk, die Tag f\u00fcr Tag ihr Bestes f\u00fcr deinen Honig geben. Vom Tag ihrer Geburt bis zu ihrem Tod, ungef\u00e4hr 6 Wochen sp\u00e4ter, legen sie 8.000 km zur\u00fcck. Um ein Glas Honig zu f\u00fcllen legen sie eine Strecke zur\u00fcck die 3,5 Mal um die Welt geht. In&#8230;<\/p>\n","protected":false},"author":1,"featured_media":0,"parent":0,"menu_order":0,"comment_status":"closed","ping_status":"closed","template":"","meta":{"spay_email":""},"yoast_head":"<!-- This site is optimized with the Yoast SEO plugin v15.4 - https:\/\/yoast.com\/wordpress\/plugins\/seo\/ -->\n<title>\u00dcBER MEINE BIENEN - Die\u00a0Schw\u00e4rmerei<\/title>\n<meta name=\"robots\" content=\"index, follow, max-snippet:-1, max-image-preview:large, max-video-preview:-1\" \/>\n<link rel=\"canonical\" href=\"https:\/\/xn--die-schwrmerei-dib.at\/?page_id=766\" \/>\n<meta property=\"og:locale\" content=\"de_DE\" \/>\n<meta property=\"og:type\" content=\"article\" \/>\n<meta property=\"og:title\" content=\"\u00dcBER MEINE BIENEN - Die\u00a0Schw\u00e4rmerei\" \/>\n<meta property=\"og:description\" content=\"In meinem Betrieb arbeiten ungef\u00e4hr 60.000 Mitarbeiterinnen pro Volk, die Tag f\u00fcr Tag ihr Bestes f\u00fcr deinen Honig geben. Vom Tag ihrer Geburt bis zu ihrem Tod, ungef\u00e4hr 6 Wochen sp\u00e4ter, legen sie 8.000 km zur\u00fcck. Um ein Glas Honig zu f\u00fcllen legen sie eine Strecke zur\u00fcck die 3,5 Mal um die Welt geht. In...\" \/>\n<meta property=\"og:url\" content=\"https:\/\/xn--die-schwrmerei-dib.at\/?page_id=766\" \/>\n<meta property=\"og:site_name\" content=\"Die\u00a0Schw\u00e4rmerei\" \/>\n<meta property=\"article:modified_time\" content=\"2020-11-29T21:40:10+00:00\" \/>\n<meta property=\"og:image\" content=\"http:\/\/xn--die-schwrmerei-dib.at\/wp-content\/uploads\/2020\/11\/dieschwaermerei-276-1024x645.jpg\" \/>\n<meta name=\"twitter:card\" content=\"summary_large_image\" \/>\n<meta name=\"twitter:label1\" content=\"Verfasst von\">\n\t<meta name=\"twitter:data1\" content=\"weitenth\">\n\t<meta name=\"twitter:label2\" content=\"Gesch\u00e4tzte Lesezeit\">\n\t<meta name=\"twitter:data2\" content=\"0\u00a0Minuten\">\n<script type=\"application\/ld+json\" class=\"yoast-schema-graph\">{\"@context\":\"https:\/\/schema.org\",\"@graph\":[{\"@type\":[\"Person\",\"Organization\"],\"@id\":\"https:\/\/xn--die-schwrmerei-dib.at\/#\/schema\/person\/e475b6e34fa23bf3a969c079624dda9d\",\"name\":\"weitenth\",\"image\":{\"@type\":\"ImageObject\",\"@id\":\"https:\/\/xn--die-schwrmerei-dib.at\/#personlogo\",\"inLanguage\":\"de\",\"url\":\"https:\/\/secure.gravatar.com\/avatar\/c1fec868dd6f28898e61508c10ddebb6?s=96&d=mm&r=g\",\"caption\":\"weitenth\"},\"logo\":{\"@id\":\"https:\/\/xn--die-schwrmerei-dib.at\/#personlogo\"}},{\"@type\":\"WebSite\",\"@id\":\"https:\/\/xn--die-schwrmerei-dib.at\/#website\",\"url\":\"https:\/\/xn--die-schwrmerei-dib.at\/\",\"name\":\"die-schw\\u00e4rmerei\",\"description\":\"BIO-Honig aus \\u00d6sterreich\",\"publisher\":{\"@id\":\"https:\/\/xn--die-schwrmerei-dib.at\/#\/schema\/person\/e475b6e34fa23bf3a969c079624dda9d\"},\"potentialAction\":[{\"@type\":\"SearchAction\",\"target\":\"https:\/\/xn--die-schwrmerei-dib.at\/?s={search_term_string}\",\"query-input\":\"required name=search_term_string\"}],\"inLanguage\":\"de\"},{\"@type\":\"ImageObject\",\"@id\":\"https:\/\/xn--die-schwrmerei-dib.at\/?page_id=766#primaryimage\",\"inLanguage\":\"de\",\"url\":\"http:\/\/xn--die-schwrmerei-dib.at\/wp-content\/uploads\/2020\/11\/dieschwaermerei-276-1024x645.jpg\"},{\"@type\":\"WebPage\",\"@id\":\"https:\/\/xn--die-schwrmerei-dib.at\/?page_id=766#webpage\",\"url\":\"https:\/\/xn--die-schwrmerei-dib.at\/?page_id=766\",\"name\":\"\\u00dcBER MEINE BIENEN - Die\\u00a0Schw\\u00e4rmerei\",\"isPartOf\":{\"@id\":\"https:\/\/xn--die-schwrmerei-dib.at\/#website\"},\"primaryImageOfPage\":{\"@id\":\"https:\/\/xn--die-schwrmerei-dib.at\/?page_id=766#primaryimage\"},\"datePublished\":\"2020-11-29T21:35:59+00:00\",\"dateModified\":\"2020-11-29T21:40:10+00:00\",\"inLanguage\":\"de\",\"potentialAction\":[{\"@type\":\"ReadAction\",\"target\":[\"https:\/\/xn--die-schwrmerei-dib.at\/?page_id=766\"]}]}]}<\/script>\n<!-- \/ Yoast SEO plugin. -->","_links":{"self":[{"href":"https:\/\/xn--die-schwrmerei-dib.at\/index.php?rest_route=\/wp\/v2\/pages\/766"}],"collection":[{"href":"https:\/\/xn--die-schwrmerei-dib.at\/index.php?rest_route=\/wp\/v2\/pages"}],"about":[{"href":"https:\/\/xn--die-schwrmerei-dib.at\/index.php?rest_route=\/wp\/v2\/types\/page"}],"author":[{"embeddable":true,"href":"https:\/\/xn--die-schwrmerei-dib.at\/index.php?rest_route=\/wp\/v2\/users\/1"}],"replies":[{"embeddable":true,"href":"https:\/\/xn--die-schwrmerei-dib.at\/index.php?rest_route=%2Fwp%2Fv2%2Fcomments&post=766"}],"version-history":[{"count":4,"href":"https:\/\/xn--die-schwrmerei-dib.at\/index.php?rest_route=\/wp\/v2\/pages\/766\/revisions"}],"predecessor-version":[{"id":771,"href":"https:\/\/xn--die-schwrmerei-dib.at\/index.php?rest_route=\/wp\/v2\/pages\/766\/revisions\/771"}],"wp:attachment":[{"href":"https:\/\/xn--die-schwrmerei-dib.at\/index.php?rest_route=%2Fwp%2Fv2%2Fmedia&parent=766"}],"curies":[{"name":"wp","href":"https:\/\/api.w.org\/{rel}","templated":true}]}}