{"id":252,"date":"2017-08-16T09:11:56","date_gmt":"2017-08-16T09:11:56","guid":{"rendered":"http:\/\/demo.themevan.com\/alaya\/?page_id=252"},"modified":"2020-11-29T22:29:11","modified_gmt":"2020-11-29T21:29:11","slug":"about","status":"publish","type":"page","link":"https:\/\/xn--die-schwrmerei-dib.at\/?page_id=252","title":{"rendered":"\u00dcBER MICH"},"content":{"rendered":"\t\t<div data-elementor-type=\"wp-page\" data-elementor-id=\"252\" class=\"elementor elementor-252\" data-elementor-settings=\"[]\">\n\t\t\t\t\t\t<div class=\"elementor-inner\">\n\t\t\t\t\t\t\t<div class=\"elementor-section-wrap\">\n\t\t\t\t\t\t\t<section class=\"elementor-section elementor-top-section elementor-element elementor-element-f4b0f5b elementor-section-height-min-height elementor-section-boxed elementor-section-height-default elementor-section-items-middle\" data-id=\"f4b0f5b\" data-element_type=\"section\">\n\t\t\t\t\t\t<div class=\"elementor-container elementor-column-gap-default\">\n\t\t\t\t\t\t\t<div class=\"elementor-row\">\n\t\t\t\t\t<div class=\"elementor-column elementor-col-100 elementor-top-column elementor-element elementor-element-0c1b5ce\" data-id=\"0c1b5ce\" data-element_type=\"column\">\n\t\t\t<div class=\"elementor-column-wrap elementor-element-populated\">\n\t\t\t\t\t\t\t<div class=\"elementor-widget-wrap\">\n\t\t\t\t\t\t<div class=\"elementor-element elementor-element-e582338 elementor-widget elementor-widget-spacer\" data-id=\"e582338\" data-element_type=\"widget\" data-widget_type=\"spacer.default\">\n\t\t\t\t<div class=\"elementor-widget-container\">\n\t\t\t\t\t<div class=\"elementor-spacer\">\n\t\t\t<div class=\"elementor-spacer-inner\"><\/div>\n\t\t<\/div>\n\t\t\t\t<\/div>\n\t\t\t\t<\/div>\n\t\t\t\t\t\t<\/div>\n\t\t\t\t\t<\/div>\n\t\t<\/div>\n\t\t\t\t\t\t\t\t<\/div>\n\t\t\t\t\t<\/div>\n\t\t<\/section>\n\t\t\t\t<section class=\"elementor-section elementor-top-section elementor-element elementor-element-761ccee1 elementor-section-height-full elementor-section-content-middle elementor-section-items-top elementor-section-boxed elementor-section-height-default\" data-id=\"761ccee1\" data-element_type=\"section\">\n\t\t\t\t\t\t<div class=\"elementor-container elementor-column-gap-default\">\n\t\t\t\t\t\t\t<div class=\"elementor-row\">\n\t\t\t\t\t<div class=\"elementor-column elementor-col-50 elementor-top-column elementor-element elementor-element-34bc261b\" data-id=\"34bc261b\" data-element_type=\"column\">\n\t\t\t<div class=\"elementor-column-wrap elementor-element-populated\">\n\t\t\t\t\t\t\t<div class=\"elementor-widget-wrap\">\n\t\t\t\t\t\t<div class=\"elementor-element elementor-element-af846e6 elementor-widget elementor-widget-text-editor\" data-id=\"af846e6\" data-element_type=\"widget\" data-widget_type=\"text-editor.default\">\n\t\t\t\t<div class=\"elementor-widget-container\">\n\t\t\t\t\t<div class=\"elementor-text-editor elementor-clearfix\">KLEMENS WEITENTHALER<\/div>\n\t\t\t\t<\/div>\n\t\t\t\t<\/div>\n\t\t\t\t<div class=\"elementor-element elementor-element-53ed997 elementor-widget elementor-widget-text-editor\" data-id=\"53ed997\" data-element_type=\"widget\" data-widget_type=\"text-editor.default\">\n\t\t\t\t<div class=\"elementor-widget-container\">\n\t\t\t\t\t<div class=\"elementor-text-editor elementor-clearfix\"><p>schw\u00e4rmt f\u00fcr guten Honig<\/p><\/div>\n\t\t\t\t<\/div>\n\t\t\t\t<\/div>\n\t\t\t\t<div class=\"elementor-element elementor-element-459b9b6 elementor-widget elementor-widget-image\" data-id=\"459b9b6\" data-element_type=\"widget\" data-widget_type=\"image.default\">\n\t\t\t\t<div class=\"elementor-widget-container\">\n\t\t\t\t\t<div class=\"elementor-image\">\n\t\t\t\t\t\t\t\t\t\t<img width=\"768\" height=\"1152\" src=\"https:\/\/xn--die-schwrmerei-dib.at\/wp-content\/uploads\/2020\/04\/U\u0308bermich001-768x1152.jpg\" class=\"attachment-medium_large size-medium_large\" alt=\"\" loading=\"lazy\" srcset=\"https:\/\/xn--die-schwrmerei-dib.at\/wp-content\/uploads\/2020\/04\/U\u0308bermich001-768x1152.jpg 768w, https:\/\/xn--die-schwrmerei-dib.at\/wp-content\/uploads\/2020\/04\/U\u0308bermich001-600x900.jpg 600w, https:\/\/xn--die-schwrmerei-dib.at\/wp-content\/uploads\/2020\/04\/U\u0308bermich001-200x300.jpg 200w, https:\/\/xn--die-schwrmerei-dib.at\/wp-content\/uploads\/2020\/04\/U\u0308bermich001-683x1024.jpg 683w, https:\/\/xn--die-schwrmerei-dib.at\/wp-content\/uploads\/2020\/04\/U\u0308bermich001-1024x1536.jpg 1024w, https:\/\/xn--die-schwrmerei-dib.at\/wp-content\/uploads\/2020\/04\/U\u0308bermich001.jpg 1200w\" sizes=\"(max-width: 768px) 100vw, 768px\" \/>\t\t\t\t\t\t\t\t\t\t\t<\/div>\n\t\t\t\t<\/div>\n\t\t\t\t<\/div>\n\t\t\t\t<div class=\"elementor-element elementor-element-26fc18c elementor-widget elementor-widget-image\" data-id=\"26fc18c\" data-element_type=\"widget\" data-widget_type=\"image.default\">\n\t\t\t\t<div class=\"elementor-widget-container\">\n\t\t\t\t\t<div class=\"elementor-image\">\n\t\t\t\t\t\t\t\t\t\t<img width=\"1000\" height=\"518\" src=\"https:\/\/xn--die-schwrmerei-dib.at\/wp-content\/uploads\/2020\/04\/Element-Bienen-1024x530.png\" class=\"attachment-large size-large\" alt=\"\" loading=\"lazy\" srcset=\"https:\/\/xn--die-schwrmerei-dib.at\/wp-content\/uploads\/2020\/04\/Element-Bienen-1024x530.png 1024w, https:\/\/xn--die-schwrmerei-dib.at\/wp-content\/uploads\/2020\/04\/Element-Bienen-600x311.png 600w, https:\/\/xn--die-schwrmerei-dib.at\/wp-content\/uploads\/2020\/04\/Element-Bienen-300x155.png 300w, https:\/\/xn--die-schwrmerei-dib.at\/wp-content\/uploads\/2020\/04\/Element-Bienen-768x398.png 768w, https:\/\/xn--die-schwrmerei-dib.at\/wp-content\/uploads\/2020\/04\/Element-Bienen-1536x795.png 1536w, https:\/\/xn--die-schwrmerei-dib.at\/wp-content\/uploads\/2020\/04\/Element-Bienen.png 1818w\" sizes=\"(max-width: 1000px) 100vw, 1000px\" \/>\t\t\t\t\t\t\t\t\t\t\t<\/div>\n\t\t\t\t<\/div>\n\t\t\t\t<\/div>\n\t\t\t\t\t\t<\/div>\n\t\t\t\t\t<\/div>\n\t\t<\/div>\n\t\t\t\t<div class=\"elementor-column elementor-col-50 elementor-top-column elementor-element elementor-element-d6c34ab\" data-id=\"d6c34ab\" data-element_type=\"column\">\n\t\t\t<div class=\"elementor-column-wrap elementor-element-populated\">\n\t\t\t\t\t\t\t<div class=\"elementor-widget-wrap\">\n\t\t\t\t\t\t<div class=\"elementor-element elementor-element-4160d32 elementor-widget elementor-widget-image\" data-id=\"4160d32\" data-element_type=\"widget\" data-widget_type=\"image.default\">\n\t\t\t\t<div class=\"elementor-widget-container\">\n\t\t\t\t\t<div class=\"elementor-image\">\n\t\t\t\t\t\t\t\t\t\t<img width=\"300\" height=\"19\" src=\"https:\/\/xn--die-schwrmerei-dib.at\/wp-content\/uploads\/2020\/03\/Linie-300x19.png\" class=\"attachment-medium size-medium\" alt=\"\" loading=\"lazy\" srcset=\"https:\/\/xn--die-schwrmerei-dib.at\/wp-content\/uploads\/2020\/03\/Linie-300x19.png 300w, https:\/\/xn--die-schwrmerei-dib.at\/wp-content\/uploads\/2020\/03\/Linie.png 508w\" sizes=\"(max-width: 300px) 100vw, 300px\" \/>\t\t\t\t\t\t\t\t\t\t\t<\/div>\n\t\t\t\t<\/div>\n\t\t\t\t<\/div>\n\t\t\t\t<div class=\"elementor-element elementor-element-a0c9f35 elementor-widget elementor-widget-text-editor\" data-id=\"a0c9f35\" data-element_type=\"widget\" data-widget_type=\"text-editor.default\">\n\t\t\t\t<div class=\"elementor-widget-container\">\n\t\t\t\t\t<div class=\"elementor-text-editor elementor-clearfix\"><p style=\"text-align: justify;\"><span style=\"font-family: 'Cormorant Garamond'; color: black; letter-spacing: .25pt;\">Seit ich zur\u00fcckdenken kann war unser Garten nicht nur von meinen vier Geschwistern und mir bev\u00f6lkert, sondern auch von einigen Bienenv\u00f6lkern, welche damals noch meine Gro\u00dfmutter betreut hat. Sp\u00e4ter sprang die Begeisterung zur Imkerei auch auf meinen Vater \u00fcber und so wurde die Leidenschaft mittlerweile in 3. Generation auf mich \u00fcbertragen. Mal waren es mehr V\u00f6lker &#8211; mal weniger, aber es reichte immer, um uns mit frischem Honig aus eigener Produktion zu versorgen und das Honigbrot schmeckte deshalb immer doppelt so gut. <\/span><\/p><p style=\"text-align: justify;\"><span style=\"font-family: 'Cormorant Garamond'; color: black; letter-spacing: .25pt;\">Vor einiger Zeit habe ich dann entschieden selbst auch ein paar Bienenv\u00f6lker zu betreuen und Honig zu ernten. In mehreren Kursen und Seminaren habe ich mehr \u00fcber das faszinierende Lebewesen Biene gelernt und mittlerweile kann ich mir kein sch\u00f6neres Hobby als die Imkerei vorstellen. Mein Fokus liegt darauf hochwertige biologische Produkte im Einklang mit der Natur des Bienenvolkes herzustellen.<span class=\"apple-converted-space\">\u00a0<\/span><\/span><\/p><p style=\"text-align: justify;\"><span style=\"font-family: 'Cormorant Garamond'; color: black; letter-spacing: .25pt;\">Meine Bienen sind mitten im Biosp\u00e4hrenpark Wienerwald zuhause, wo sie reichlich unbelastete Nektar- und Pollenquellen vorfinden. Ein paar V\u00f6lker werden \u00fcber den Sommer sogar weiter in den S\u00fcden Richtung Steiermark gebracht, ein Ort, an dem sich hervorragender Waldhonig sammeln l\u00e4sst. <\/span><\/p><\/div>\n\t\t\t\t<\/div>\n\t\t\t\t<\/div>\n\t\t\t\t\t\t<\/div>\n\t\t\t\t\t<\/div>\n\t\t<\/div>\n\t\t\t\t\t\t\t\t<\/div>\n\t\t\t\t\t<\/div>\n\t\t<\/section>\n\t\t\t\t\t\t<\/div>\n\t\t\t\t\t\t<\/div>\n\t\t\t\t\t<\/div>\n\t\t","protected":false},"excerpt":{"rendered":"<p>KLEMENS WEITENTHALER schw\u00e4rmt f\u00fcr guten Honig Seit ich zur\u00fcckdenken kann war unser Garten nicht nur von meinen vier Geschwistern und mir bev\u00f6lkert, sondern auch von einigen Bienenv\u00f6lkern, welche damals noch meine Gro\u00dfmutter betreut hat. Sp\u00e4ter sprang die Begeisterung zur Imkerei auch auf meinen Vater \u00fcber und so wurde die Leidenschaft mittlerweile in 3. Generation auf&#8230;<\/p>\n","protected":false},"author":1,"featured_media":0,"parent":0,"menu_order":0,"comment_status":"closed","ping_status":"closed","template":"elementor_header_footer","meta":{"spay_email":""},"yoast_head":"<!-- This site is optimized with the Yoast SEO plugin v15.4 - https:\/\/yoast.com\/wordpress\/plugins\/seo\/ -->\n<title>\u00dcBER MICH - Die\u00a0Schw\u00e4rmerei<\/title>\n<meta name=\"robots\" content=\"index, follow, max-snippet:-1, max-image-preview:large, max-video-preview:-1\" \/>\n<link rel=\"canonical\" href=\"https:\/\/xn--die-schwrmerei-dib.at\/?page_id=252\" \/>\n<meta property=\"og:locale\" content=\"de_DE\" \/>\n<meta property=\"og:type\" content=\"article\" \/>\n<meta property=\"og:title\" content=\"\u00dcBER MICH - Die\u00a0Schw\u00e4rmerei\" \/>\n<meta property=\"og:description\" content=\"KLEMENS WEITENTHALER schw\u00e4rmt f\u00fcr guten Honig Seit ich zur\u00fcckdenken kann war unser Garten nicht nur von meinen vier Geschwistern und mir bev\u00f6lkert, sondern auch von einigen Bienenv\u00f6lkern, welche damals noch meine Gro\u00dfmutter betreut hat. Sp\u00e4ter sprang die Begeisterung zur Imkerei auch auf meinen Vater \u00fcber und so wurde die Leidenschaft mittlerweile in 3. Generation auf...\" \/>\n<meta property=\"og:url\" content=\"https:\/\/xn--die-schwrmerei-dib.at\/?page_id=252\" \/>\n<meta property=\"og:site_name\" content=\"Die\u00a0Schw\u00e4rmerei\" \/>\n<meta property=\"article:modified_time\" content=\"2020-11-29T21:29:11+00:00\" \/>\n<meta property=\"og:image\" content=\"http:\/\/xn--die-schwrmerei-dib.at\/wp-content\/uploads\/2020\/04\/U\u0308bermich001-768x1152.jpg\" \/>\n<meta name=\"twitter:card\" content=\"summary_large_image\" \/>\n<meta name=\"twitter:label1\" content=\"Verfasst von\">\n\t<meta name=\"twitter:data1\" content=\"weitenth\">\n\t<meta name=\"twitter:label2\" content=\"Gesch\u00e4tzte Lesezeit\">\n\t<meta name=\"twitter:data2\" content=\"1\u00a0Minute\">\n<script type=\"application\/ld+json\" class=\"yoast-schema-graph\">{\"@context\":\"https:\/\/schema.org\",\"@graph\":[{\"@type\":[\"Person\",\"Organization\"],\"@id\":\"https:\/\/xn--die-schwrmerei-dib.at\/#\/schema\/person\/e475b6e34fa23bf3a969c079624dda9d\",\"name\":\"weitenth\",\"image\":{\"@type\":\"ImageObject\",\"@id\":\"https:\/\/xn--die-schwrmerei-dib.at\/#personlogo\",\"inLanguage\":\"de\",\"url\":\"https:\/\/secure.gravatar.com\/avatar\/c1fec868dd6f28898e61508c10ddebb6?s=96&d=mm&r=g\",\"caption\":\"weitenth\"},\"logo\":{\"@id\":\"https:\/\/xn--die-schwrmerei-dib.at\/#personlogo\"}},{\"@type\":\"WebSite\",\"@id\":\"https:\/\/xn--die-schwrmerei-dib.at\/#website\",\"url\":\"https:\/\/xn--die-schwrmerei-dib.at\/\",\"name\":\"die-schw\\u00e4rmerei\",\"description\":\"BIO-Honig aus \\u00d6sterreich\",\"publisher\":{\"@id\":\"https:\/\/xn--die-schwrmerei-dib.at\/#\/schema\/person\/e475b6e34fa23bf3a969c079624dda9d\"},\"potentialAction\":[{\"@type\":\"SearchAction\",\"target\":\"https:\/\/xn--die-schwrmerei-dib.at\/?s={search_term_string}\",\"query-input\":\"required name=search_term_string\"}],\"inLanguage\":\"de\"},{\"@type\":\"ImageObject\",\"@id\":\"https:\/\/xn--die-schwrmerei-dib.at\/?page_id=252#primaryimage\",\"inLanguage\":\"de\",\"url\":\"http:\/\/xn--die-schwrmerei-dib.at\/wp-content\/uploads\/2020\/04\/U\\u0308bermich001-768x1152.jpg\"},{\"@type\":\"WebPage\",\"@id\":\"https:\/\/xn--die-schwrmerei-dib.at\/?page_id=252#webpage\",\"url\":\"https:\/\/xn--die-schwrmerei-dib.at\/?page_id=252\",\"name\":\"\\u00dcBER MICH - Die\\u00a0Schw\\u00e4rmerei\",\"isPartOf\":{\"@id\":\"https:\/\/xn--die-schwrmerei-dib.at\/#website\"},\"primaryImageOfPage\":{\"@id\":\"https:\/\/xn--die-schwrmerei-dib.at\/?page_id=252#primaryimage\"},\"datePublished\":\"2017-08-16T09:11:56+00:00\",\"dateModified\":\"2020-11-29T21:29:11+00:00\",\"inLanguage\":\"de\",\"potentialAction\":[{\"@type\":\"ReadAction\",\"target\":[\"https:\/\/xn--die-schwrmerei-dib.at\/?page_id=252\"]}]}]}<\/script>\n<!-- \/ Yoast SEO plugin. -->","_links":{"self":[{"href":"https:\/\/xn--die-schwrmerei-dib.at\/index.php?rest_route=\/wp\/v2\/pages\/252"}],"collection":[{"href":"https:\/\/xn--die-schwrmerei-dib.at\/index.php?rest_route=\/wp\/v2\/pages"}],"about":[{"href":"https:\/\/xn--die-schwrmerei-dib.at\/index.php?rest_route=\/wp\/v2\/types\/page"}],"author":[{"embeddable":true,"href":"https:\/\/xn--die-schwrmerei-dib.at\/index.php?rest_route=\/wp\/v2\/users\/1"}],"replies":[{"embeddable":true,"href":"https:\/\/xn--die-schwrmerei-dib.at\/index.php?rest_route=%2Fwp%2Fv2%2Fcomments&post=252"}],"version-history":[{"count":10,"href":"https:\/\/xn--die-schwrmerei-dib.at\/index.php?rest_route=\/wp\/v2\/pages\/252\/revisions"}],"predecessor-version":[{"id":765,"href":"https:\/\/xn--die-schwrmerei-dib.at\/index.php?rest_route=\/wp\/v2\/pages\/252\/revisions\/765"}],"wp:attachment":[{"href":"https:\/\/xn--die-schwrmerei-dib.at\/index.php?rest_route=%2Fwp%2Fv2%2Fmedia&parent=252"}],"curies":[{"name":"wp","href":"https:\/\/api.w.org\/{rel}","templated":true}]}}